{"id":13405,"date":"2022-11-12T20:30:43","date_gmt":"2022-11-13T01:30:43","guid":{"rendered":"https:\/\/beverlyhillssa.com\/?post_type=product&#038;p=13405"},"modified":"2023-03-27T15:01:51","modified_gmt":"2023-03-27T20:01:51","slug":"azzaro-chrome-aqua-edt-h-100-ml","status":"publish","type":"product","link":"https:\/\/beverlyhillssa.com\/?product=azzaro-chrome-aqua-edt-h-100-ml","title":{"rendered":"AZZARO CHROME AQUA EDT\/H 3.4OZ"},"content":{"rendered":"","protected":false},"excerpt":{"rendered":"<p><b>Azzaro Chrome Aqua<\/b>\u00a0de\u00a0<b>Azzaro<\/b>\u00a0es una fragancia de la familia olfativa Arom\u00e1tica Acu\u00e1tica para Hombres.\u00a0<b>Azzaro Chrome Aqua<\/b>\u00a0se lanz\u00f3 en 2019. La Nariz detr\u00e1s de esta fragrancia es Jean-Christophe H\u00e9rault. Las Notas de Salida son toronja (pomelo), manzana verde y hojas de violeta; las Notas de Coraz\u00f3n son notas marinas, albahaca y menta; las Notas de Fondo son cipr\u00e9s y vetiver.<\/p>\n","protected":false},"featured_media":13406,"comment_status":"open","ping_status":"closed","template":"","meta":[],"product_cat":[19],"product_tag":[29],"_links":{"self":[{"href":"https:\/\/beverlyhillssa.com\/index.php?rest_route=\/wp\/v2\/product\/13405"}],"collection":[{"href":"https:\/\/beverlyhillssa.com\/index.php?rest_route=\/wp\/v2\/product"}],"about":[{"href":"https:\/\/beverlyhillssa.com\/index.php?rest_route=\/wp\/v2\/types\/product"}],"replies":[{"embeddable":true,"href":"https:\/\/beverlyhillssa.com\/index.php?rest_route=%2Fwp%2Fv2%2Fcomments&post=13405"}],"version-history":[{"count":2,"href":"https:\/\/beverlyhillssa.com\/index.php?rest_route=\/wp\/v2\/product\/13405\/revisions"}],"predecessor-version":[{"id":13985,"href":"https:\/\/beverlyhillssa.com\/index.php?rest_route=\/wp\/v2\/product\/13405\/revisions\/13985"}],"wp:featuredmedia":[{"embeddable":true,"href":"https:\/\/beverlyhillssa.com\/index.php?rest_route=\/wp\/v2\/media\/13406"}],"wp:attachment":[{"href":"https:\/\/beverlyhillssa.com\/index.php?rest_route=%2Fwp%2Fv2%2Fmedia&parent=13405"}],"wp:term":[{"taxonomy":"product_cat","embeddable":true,"href":"https:\/\/beverlyhillssa.com\/index.php?rest_route=%2Fwp%2Fv2%2Fproduct_cat&post=13405"},{"taxonomy":"product_tag","embeddable":true,"href":"https:\/\/beverlyhillssa.com\/index.php?rest_route=%2Fwp%2Fv2%2Fproduct_tag&post=13405"}],"curies":[{"name":"wp","href":"https:\/\/api.w.org\/{rel}","templated":true}]}}