{"id":2846,"date":"2020-08-27T14:51:53","date_gmt":"2020-08-27T14:51:53","guid":{"rendered":"https:\/\/beverlyhillssa.com\/?post_type=product&#038;p=2846"},"modified":"2023-03-27T14:40:58","modified_gmt":"2023-03-27T19:40:58","slug":"ariana-grande-moonlight-edp-d-3-4-oz","status":"publish","type":"product","link":"https:\/\/beverlyhillssa.com\/?product=ariana-grande-moonlight-edp-d-3-4-oz","title":{"rendered":"ARIANA GRANDE MOONLIGHT EDP \/ D 3.4 OZ"},"content":{"rendered":"","protected":false},"excerpt":{"rendered":"<p><b>Moonlight<\/b>\u00a0de\u00a0<b>Ariana Grande<\/b>\u00a0es una fragancia de la familia olfativa Floral Frutal para Mujeres.\u00a0<b>Moonlight<\/b>\u00a0se lanz\u00f3 en 2017. Las Notas de Salida son ciruela y grosellas negras; las Notas de Coraz\u00f3n son malvavisco (bomb\u00f3n) y peon\u00eda; las Notas de Fondo son vainilla, s\u00e1ndalo y \u00e1mbar.<\/p>\n","protected":false},"featured_media":2796,"comment_status":"open","ping_status":"closed","template":"","meta":[],"product_cat":[21],"product_tag":[129],"_links":{"self":[{"href":"https:\/\/beverlyhillssa.com\/index.php?rest_route=\/wp\/v2\/product\/2846"}],"collection":[{"href":"https:\/\/beverlyhillssa.com\/index.php?rest_route=\/wp\/v2\/product"}],"about":[{"href":"https:\/\/beverlyhillssa.com\/index.php?rest_route=\/wp\/v2\/types\/product"}],"replies":[{"embeddable":true,"href":"https:\/\/beverlyhillssa.com\/index.php?rest_route=%2Fwp%2Fv2%2Fcomments&post=2846"}],"version-history":[{"count":2,"href":"https:\/\/beverlyhillssa.com\/index.php?rest_route=\/wp\/v2\/product\/2846\/revisions"}],"predecessor-version":[{"id":13377,"href":"https:\/\/beverlyhillssa.com\/index.php?rest_route=\/wp\/v2\/product\/2846\/revisions\/13377"}],"wp:featuredmedia":[{"embeddable":true,"href":"https:\/\/beverlyhillssa.com\/index.php?rest_route=\/wp\/v2\/media\/2796"}],"wp:attachment":[{"href":"https:\/\/beverlyhillssa.com\/index.php?rest_route=%2Fwp%2Fv2%2Fmedia&parent=2846"}],"wp:term":[{"taxonomy":"product_cat","embeddable":true,"href":"https:\/\/beverlyhillssa.com\/index.php?rest_route=%2Fwp%2Fv2%2Fproduct_cat&post=2846"},{"taxonomy":"product_tag","embeddable":true,"href":"https:\/\/beverlyhillssa.com\/index.php?rest_route=%2Fwp%2Fv2%2Fproduct_tag&post=2846"}],"curies":[{"name":"wp","href":"https:\/\/api.w.org\/{rel}","templated":true}]}}