{"id":539,"date":"2019-05-18T00:50:30","date_gmt":"2019-05-18T05:50:30","guid":{"rendered":"https:\/\/beverlyhillssa.com\/?post_type=product&#038;p=539"},"modified":"2023-04-07T14:41:10","modified_gmt":"2023-04-07T19:41:10","slug":"azzaro-chrome-200ml","status":"publish","type":"product","link":"https:\/\/beverlyhillssa.com\/?product=azzaro-chrome-200ml","title":{"rendered":"AZZARO CHROME EDT \/H 6.8 OZ"},"content":{"rendered":"","protected":false},"excerpt":{"rendered":"<div class=\"woocommerce-product-details__short-description\">\n<p><b>Chrome<\/b>\u00a0de\u00a0<b>Azzaro<\/b>\u00a0es una fragancia de la familia olfativa C\u00edtrica Arom\u00e1tica para Hombres.\u00a0<b>Chrome<\/b>\u00a0se lanz\u00f3 en 1996. La Nariz detr\u00e1s de esta fragrancia es Gerard Haury. Las Notas de Salida son lim\u00f3n (lima \u00e1cida), romero, bergamota, neroli y pi\u00f1a; las Notas de Coraz\u00f3n son jazm\u00edn, musgo de roble, ciclamen (violeta persa) y cilantro; las Notas de Fondo son almizcle, musgo de roble, cedro, s\u00e1ndalo, cardamomo, haba tonka y palo de rosa de Brasil.<\/p>\n<\/div>\n","protected":false},"featured_media":540,"comment_status":"open","ping_status":"closed","template":"","meta":[],"product_cat":[19],"product_tag":[29],"_links":{"self":[{"href":"https:\/\/beverlyhillssa.com\/index.php?rest_route=\/wp\/v2\/product\/539"}],"collection":[{"href":"https:\/\/beverlyhillssa.com\/index.php?rest_route=\/wp\/v2\/product"}],"about":[{"href":"https:\/\/beverlyhillssa.com\/index.php?rest_route=\/wp\/v2\/types\/product"}],"replies":[{"embeddable":true,"href":"https:\/\/beverlyhillssa.com\/index.php?rest_route=%2Fwp%2Fv2%2Fcomments&post=539"}],"version-history":[{"count":4,"href":"https:\/\/beverlyhillssa.com\/index.php?rest_route=\/wp\/v2\/product\/539\/revisions"}],"predecessor-version":[{"id":13991,"href":"https:\/\/beverlyhillssa.com\/index.php?rest_route=\/wp\/v2\/product\/539\/revisions\/13991"}],"wp:featuredmedia":[{"embeddable":true,"href":"https:\/\/beverlyhillssa.com\/index.php?rest_route=\/wp\/v2\/media\/540"}],"wp:attachment":[{"href":"https:\/\/beverlyhillssa.com\/index.php?rest_route=%2Fwp%2Fv2%2Fmedia&parent=539"}],"wp:term":[{"taxonomy":"product_cat","embeddable":true,"href":"https:\/\/beverlyhillssa.com\/index.php?rest_route=%2Fwp%2Fv2%2Fproduct_cat&post=539"},{"taxonomy":"product_tag","embeddable":true,"href":"https:\/\/beverlyhillssa.com\/index.php?rest_route=%2Fwp%2Fv2%2Fproduct_tag&post=539"}],"curies":[{"name":"wp","href":"https:\/\/api.w.org\/{rel}","templated":true}]}}